{"id":1446,"date":"2025-03-23T12:56:29","date_gmt":"2025-03-23T12:56:29","guid":{"rendered":"https:\/\/ortokliinik.ee\/?page_id=1446"},"modified":"2025-04-07T13:38:15","modified_gmt":"2025-04-07T13:38:15","slug":"%d1%81%d1%82%d1%80%d0%b0%d1%85%d0%be%d0%b2%d0%b0%d0%bd%d0%b8%d0%b5-%d0%be%d1%82%d0%b2%d0%b5%d1%82%d1%81%d1%82%d0%b2%d0%b5%d0%bd%d0%bd%d0%be%d1%81%d1%82%d0%b8","status":"publish","type":"page","link":"https:\/\/ortokliinik.ee\/ru\/%d1%81%d1%82%d1%80%d0%b0%d1%85%d0%be%d0%b2%d0%b0%d0%bd%d0%b8%d0%b5-%d0%be%d1%82%d0%b2%d0%b5%d1%82%d1%81%d1%82%d0%b2%d0%b5%d0%bd%d0%bd%d0%be%d1%81%d1%82%d0%b8\/","title":{"rendered":"\u0421\u0442\u0440\u0430\u0445\u043e\u0432\u0430\u043d\u0438\u0435 \u043e\u0442\u0432\u0435\u0442\u0441\u0442\u0432\u0435\u043d\u043d\u043e\u0441\u0442\u0438"},"content":{"rendered":"<div id='av_section_1'  class='avia-section av-bhtkjc-cab94077aa94907981345b5b9b66a54a main_color avia-section-default avia-no-border-styling  avia-builder-el-0  el_before_av_section  avia-builder-el-first  content-head avia-bg-style-scroll container_wrap fullsize'  ><div class='container av-section-cont-open' ><main  role=\"main\" itemprop=\"mainContentOfPage\"  class='template-page content  av-content-full alpha units'><div class='post-entry post-entry-type-page post-entry-1446'><div class='entry-content-wrapper clearfix'>\n<div class='flex_column_table av-8pjyjs-cac98bfe7397d2e3fc5b422ae08b1954 sc-av_one_full av-break-at-tablet-flextable av-equal-height-column-flextable'><div  class='flex_column av-8pjyjs-cac98bfe7397d2e3fc5b422ae08b1954 av_one_full  avia-builder-el-1  avia-builder-el-no-sibling  first no_margin av-break-at-tablet flex_column_table_cell av-equal-height-column av-align-top av-animated-generic fade-in  '     ><style type=\"text\/css\" data-created_by=\"avia_inline_auto\" id=\"style-css-av-m8ztjuev-1a363088b1ad20dff8ca22073842c4a5\">\n#top .av-special-heading.av-m8ztjuev-1a363088b1ad20dff8ca22073842c4a5{\npadding-bottom:0;\n}\nbody .av-special-heading.av-m8ztjuev-1a363088b1ad20dff8ca22073842c4a5 .av-special-heading-tag .heading-char{\nfont-size:25px;\n}\n.av-special-heading.av-m8ztjuev-1a363088b1ad20dff8ca22073842c4a5 .av-subheading{\nfont-size:15px;\n}\n<\/style>\n<div  class='av-special-heading av-m8ztjuev-1a363088b1ad20dff8ca22073842c4a5 av-special-heading-h1 blockquote modern-quote  avia-builder-el-2  avia-builder-el-no-sibling '><h1 class='av-special-heading-tag '  itemprop=\"headline\"  >\u0421\u0442\u0440\u0430\u0445\u043e\u0432\u0430\u043d\u0438\u0435 \u043e\u0442\u0432\u0435\u0442\u0441\u0442\u0432\u0435\u043d\u043d\u043e\u0441\u0442\u0438<\/h1><div class=\"special-heading-border\"><div class=\"special-heading-inner-border\"><\/div><\/div><\/div><\/div><\/div><!--close column table wrapper. Autoclose: 1 -->\n\n<\/div><\/div><\/main><!-- close content main element --><\/div><\/div><div id='av_section_2'  class='avia-section av-6uujxk-412560bbc04f986fdb93e85ec0650990 alternate_color avia-section-large avia-no-border-styling  avia-builder-el-3  el_after_av_section  el_before_av_section  content-page container-thin avia-bg-style-scroll container_wrap fullsize'  ><div class='container av-section-cont-open' ><div class='template-page content  av-content-full alpha units'><div class='post-entry post-entry-type-page post-entry-1446'><div class='entry-content-wrapper clearfix'>\n<div class='flex_column_table av-m8ztlo3v-57d0cded25bff5b5659b4f9e9b3edcc9 sc-av_one_full av-break-at-tablet-flextable av-equal-height-column-flextable'>\n<style type=\"text\/css\" data-created_by=\"avia_inline_auto\" id=\"style-css-av-m8ztlo3v-57d0cded25bff5b5659b4f9e9b3edcc9\">\n.flex_column.av-m8ztlo3v-57d0cded25bff5b5659b4f9e9b3edcc9{\nbackground-color:#fcfcfd;\n}\n<\/style>\n<div  class='flex_column av-m8ztlo3v-57d0cded25bff5b5659b4f9e9b3edcc9 av_one_full  avia-builder-el-4  avia-builder-el-no-sibling  colorbox first no_margin av-break-at-tablet flex_column_table_cell av-equal-height-column av-align-top av-animated-generic fade-in  '     ><section  class='av_textblock_section av-m8ztm9dc-cc30f8331e468500dc245b413d88fde5 '   itemscope=\"itemscope\" itemtype=\"https:\/\/schema.org\/CreativeWork\" ><div class='avia_textblock'  itemprop=\"text\" ><p><strong>Kindlustusandja:<\/strong><\/p>\n<p>PZU Kindlustus (AB \u201eLietuvos draudimas\u201c Eesti filiaal)<\/p>\n<p><strong>Kindlustuskaitse periood:<\/strong><\/p>\n<p>1.11.2024-30.10.2025<br \/>\n(kindlustusperioodi v\u00e4lja palume t\u00e4ita kindlustusv\u00f5tjal vastavalt lepingule)<\/p>\n<p><strong>Kindlustussumma:<\/strong><\/p>\n<ul>\n<li>3 000 000 \u20ac kindlustusperioodi kohta<\/li>\n<li>300 000 \u20ac kindlustusjuhtumi kohta<\/li>\n<li>100 000 \u20ac \u00f5igustatud isiku kohta<\/li>\n<\/ul>\n<p><strong>Mittevaralise kahju kindlustussumma:<\/strong><\/p>\n<ul>\n<li>100 000 \u20ac kindlustusjuhtumi kohta<\/li>\n<li>30 000 \u20ac \u00f5igustatud isiku kohta<\/li>\n<\/ul>\n<p><strong>Kahjun\u00f5ude esitamine:<\/strong><\/p>\n<p>Tervishoiuteenuse enda kontakt v\u00f5i <a href=\"https:\/\/www.pzu.ee\/iseteenindus\/\" target=\"_blank\" rel=\"noopener\">PZU Kindlustuse Iseteenindus<\/a>. Kahju esitamiseks palun t\u00e4itke <a href=\"https:\/\/www.pzu.ee\/iseteenindus\/\" target=\"_blank\" rel=\"noopener\">PZU Kindlustuse Iseteeninduses<\/a> olev vorm ning kindlustusandja v\u00f5tab teiega \u00fchendust.<\/p>\n<\/div><\/section><\/div><\/div><!--close column table wrapper. Autoclose: 1 -->\n\n<\/div><\/div><\/div><!-- close content main div --><\/div><\/div>\n<style type=\"text\/css\" data-created_by=\"avia_inline_auto\" id=\"style-css-av-5ltr60-46f6a33512862d7fabbb19b144192c03\">\n.avia-section.av-5ltr60-46f6a33512862d7fabbb19b144192c03{\nbackground-repeat:no-repeat;\nbackground-image:url(https:\/\/ortokliinik.ee\/wp-content\/uploads\/2025\/02\/reception-2.jpg);\nbackground-position:50% 0%;\nbackground-attachment:scroll;\n}\n<\/style>\n<div id='cta'  class='avia-section av-5ltr60-46f6a33512862d7fabbb19b144192c03 main_color avia-section-default avia-no-border-styling  avia-builder-el-6  el_after_av_section  avia-builder-el-last  content-cta avia-full-stretch avia-bg-style-scroll av-minimum-height av-minimum-height-40 av-height-percent  container_wrap fullsize'  data-section-bg-repeat='stretch' data-av_minimum_height_pc='40' data-av_min_height_opt='percent'><div class='container av-section-cont-open' ><div class='template-page content  av-content-full alpha units'><div class='post-entry post-entry-type-page post-entry-1446'><div class='entry-content-wrapper clearfix'>\n<div class='flex_column_table av-3n7yjc-f5847dfc21866f806aa573de783cb4a3 sc-av_one_full av-break-at-tablet-flextable av-equal-height-column-flextable'>\n<style type=\"text\/css\" data-created_by=\"avia_inline_auto\" id=\"style-css-av-3n7yjc-f5847dfc21866f806aa573de783cb4a3\">\n.flex_column.av-3n7yjc-f5847dfc21866f806aa573de783cb4a3{\nwidth:100%;\nmargin-left:0;\n}\n#top .flex_column_table.av-equal-height-column-flextable.av-3n7yjc-f5847dfc21866f806aa573de783cb4a3 .av-flex-placeholder{\nwidth:0%;\n}\n<\/style>\n<div  class='flex_column av-3n7yjc-f5847dfc21866f806aa573de783cb4a3 av_one_full  avia-builder-el-7  avia-builder-el-no-sibling  first av-break-at-tablet flex_column_table_cell av-equal-height-column av-align-top av-animated-generic fade-in  '     ><div  class='avia-button-wrap av-av_button-5ed7d18bf40f50cf8474ca5514375472-wrap avia-button-center  avia-builder-el-8  avia-builder-el-no-sibling '><a href='https:\/\/ortokliinik.ee\/ru\/%d0%ba%d0%be%d0%bd%d1%82%d0%b0%d0%ba%d1%82\/'  class='avia-button av-av_button-5ed7d18bf40f50cf8474ca5514375472 av-link-btn avia-icon_select-no avia-size-x-large avia-position-center avia-color-theme-color'   aria-label=\"\u041f\u0440\u0438\u0445\u043e\u0434\u0438\u0442\u0435 \u043d\u0430 \u043f\u0440\u0438\u0435\u043c\"><span class='avia_iconbox_title' >\u041f\u0440\u0438\u0445\u043e\u0434\u0438\u0442\u0435 \u043d\u0430 \u043f\u0440\u0438\u0435\u043c<\/span><\/a><\/div><\/div><\/div><!--close column table wrapper. Autoclose: 1 -->\n","protected":false},"excerpt":{"rendered":"","protected":false},"author":1,"featured_media":0,"parent":0,"menu_order":8,"comment_status":"closed","ping_status":"closed","template":"","meta":{"_acf_changed":false,"inline_featured_image":false,"footnotes":""},"class_list":["post-1446","page","type-page","status-publish","hentry"],"acf":[],"yoast_head":"<!-- This site is optimized with the Yoast SEO plugin v27.3 - https:\/\/yoast.com\/product\/yoast-seo-wordpress\/ -->\n<title>\u0421\u0442\u0440\u0430\u0445\u043e\u0432\u0430\u043d\u0438\u0435 \u043e\u0442\u0432\u0435\u0442\u0441\u0442\u0432\u0435\u043d\u043d\u043e\u0441\u0442\u0438 | Ortokliinik<\/title>\n<meta name=\"description\" content=\"Ortopeedilise ravi aluseks on p\u00f5hjalik ettevalmistus ja hoolikas taastumine. Meie oleme patsiendile toeks kogu tervenemisprotsessi jooksul\" \/>\n<meta name=\"robots\" content=\"index, follow, max-snippet:-1, max-image-preview:large, max-video-preview:-1\" \/>\n<link rel=\"canonical\" href=\"https:\/\/ortokliinik.ee\/ru\/%d1%81%d1%82%d1%80%d0%b0%d1%85%d0%be%d0%b2%d0%b0%d0%bd%d0%b8%d0%b5-%d0%be%d1%82%d0%b2%d0%b5%d1%82%d1%81%d1%82%d0%b2%d0%b5%d0%bd%d0%bd%d0%be%d1%81%d1%82%d0%b8\/\" \/>\n<meta property=\"og:locale\" content=\"ru_RU\" \/>\n<meta property=\"og:type\" content=\"article\" \/>\n<meta property=\"og:title\" content=\"\u0421\u0442\u0440\u0430\u0445\u043e\u0432\u0430\u043d\u0438\u0435 \u043e\u0442\u0432\u0435\u0442\u0441\u0442\u0432\u0435\u043d\u043d\u043e\u0441\u0442\u0438 | Ortokliinik\" \/>\n<meta property=\"og:description\" content=\"Ortopeedilise ravi aluseks on p\u00f5hjalik ettevalmistus ja hoolikas taastumine. Meie oleme patsiendile toeks kogu tervenemisprotsessi jooksul\" \/>\n<meta property=\"og:url\" content=\"https:\/\/ortokliinik.ee\/ru\/%d1%81%d1%82%d1%80%d0%b0%d1%85%d0%be%d0%b2%d0%b0%d0%bd%d0%b8%d0%b5-%d0%be%d1%82%d0%b2%d0%b5%d1%82%d1%81%d1%82%d0%b2%d0%b5%d0%bd%d0%bd%d0%be%d1%81%d1%82%d0%b8\/\" \/>\n<meta property=\"og:site_name\" content=\"Ortokliinik\" \/>\n<meta property=\"article:modified_time\" content=\"2025-04-07T13:38:15+00:00\" \/>\n<meta name=\"twitter:card\" content=\"summary_large_image\" \/>\n<meta name=\"twitter:label1\" content=\"\u041f\u0440\u0438\u043c\u0435\u0440\u043d\u043e\u0435 \u0432\u0440\u0435\u043c\u044f \u0434\u043b\u044f \u0447\u0442\u0435\u043d\u0438\u044f\" \/>\n\t<meta name=\"twitter:data1\" content=\"1 \u043c\u0438\u043d\u0443\u0442\u0430\" \/>\n<script type=\"application\/ld+json\" class=\"yoast-schema-graph\">{\"@context\":\"https:\\\/\\\/schema.org\",\"@graph\":[{\"@type\":\"WebPage\",\"@id\":\"https:\\\/\\\/ortokliinik.ee\\\/ru\\\/%d1%81%d1%82%d1%80%d0%b0%d1%85%d0%be%d0%b2%d0%b0%d0%bd%d0%b8%d0%b5-%d0%be%d1%82%d0%b2%d0%b5%d1%82%d1%81%d1%82%d0%b2%d0%b5%d0%bd%d0%bd%d0%be%d1%81%d1%82%d0%b8\\\/\",\"url\":\"https:\\\/\\\/ortokliinik.ee\\\/ru\\\/%d1%81%d1%82%d1%80%d0%b0%d1%85%d0%be%d0%b2%d0%b0%d0%bd%d0%b8%d0%b5-%d0%be%d1%82%d0%b2%d0%b5%d1%82%d1%81%d1%82%d0%b2%d0%b5%d0%bd%d0%bd%d0%be%d1%81%d1%82%d0%b8\\\/\",\"name\":\"\u0421\u0442\u0440\u0430\u0445\u043e\u0432\u0430\u043d\u0438\u0435 \u043e\u0442\u0432\u0435\u0442\u0441\u0442\u0432\u0435\u043d\u043d\u043e\u0441\u0442\u0438 | Ortokliinik\",\"isPartOf\":{\"@id\":\"https:\\\/\\\/ortokliinik.ee\\\/ru\\\/#website\"},\"datePublished\":\"2025-03-23T12:56:29+00:00\",\"dateModified\":\"2025-04-07T13:38:15+00:00\",\"description\":\"Ortopeedilise ravi aluseks on p\u00f5hjalik ettevalmistus ja hoolikas taastumine. Meie oleme patsiendile toeks kogu tervenemisprotsessi jooksul\",\"breadcrumb\":{\"@id\":\"https:\\\/\\\/ortokliinik.ee\\\/ru\\\/%d1%81%d1%82%d1%80%d0%b0%d1%85%d0%be%d0%b2%d0%b0%d0%bd%d0%b8%d0%b5-%d0%be%d1%82%d0%b2%d0%b5%d1%82%d1%81%d1%82%d0%b2%d0%b5%d0%bd%d0%bd%d0%be%d1%81%d1%82%d0%b8\\\/#breadcrumb\"},\"inLanguage\":\"ru-RU\",\"potentialAction\":[{\"@type\":\"ReadAction\",\"target\":[\"https:\\\/\\\/ortokliinik.ee\\\/ru\\\/%d1%81%d1%82%d1%80%d0%b0%d1%85%d0%be%d0%b2%d0%b0%d0%bd%d0%b8%d0%b5-%d0%be%d1%82%d0%b2%d0%b5%d1%82%d1%81%d1%82%d0%b2%d0%b5%d0%bd%d0%bd%d0%be%d1%81%d1%82%d0%b8\\\/\"]}]},{\"@type\":\"BreadcrumbList\",\"@id\":\"https:\\\/\\\/ortokliinik.ee\\\/ru\\\/%d1%81%d1%82%d1%80%d0%b0%d1%85%d0%be%d0%b2%d0%b0%d0%bd%d0%b8%d0%b5-%d0%be%d1%82%d0%b2%d0%b5%d1%82%d1%81%d1%82%d0%b2%d0%b5%d0%bd%d0%bd%d0%be%d1%81%d1%82%d0%b8\\\/#breadcrumb\",\"itemListElement\":[{\"@type\":\"ListItem\",\"position\":1,\"name\":\"Esileht\",\"item\":\"https:\\\/\\\/ortokliinik.ee\\\/ru\\\/\"},{\"@type\":\"ListItem\",\"position\":2,\"name\":\"\u0421\u0442\u0440\u0430\u0445\u043e\u0432\u0430\u043d\u0438\u0435 \u043e\u0442\u0432\u0435\u0442\u0441\u0442\u0432\u0435\u043d\u043d\u043e\u0441\u0442\u0438\"}]},{\"@type\":\"WebSite\",\"@id\":\"https:\\\/\\\/ortokliinik.ee\\\/ru\\\/#website\",\"url\":\"https:\\\/\\\/ortokliinik.ee\\\/ru\\\/\",\"name\":\"Ortokliinik\",\"description\":\"\u041e\u0440\u0442\u043e\u043f\u0435\u0434\u0438\u0447\u0435\u0441\u043a\u0430\u044f \u043a\u043b\u0438\u043d\u0438\u043a\u0430, \u0441\u043f\u0435\u0446\u0438\u0430\u043b\u0438\u0437\u0438\u0440\u0443\u044e\u0449\u0430\u044f\u0441\u044f \u043d\u0430 \u043e\u043f\u0435\u0440\u0430\u0446\u0438\u044f\u0445 \u043d\u0430 \u0441\u0442\u043e\u043f\u0435\",\"publisher\":{\"@id\":\"https:\\\/\\\/ortokliinik.ee\\\/ru\\\/#organization\"},\"potentialAction\":[{\"@type\":\"SearchAction\",\"target\":{\"@type\":\"EntryPoint\",\"urlTemplate\":\"https:\\\/\\\/ortokliinik.ee\\\/ru\\\/?s={search_term_string}\"},\"query-input\":{\"@type\":\"PropertyValueSpecification\",\"valueRequired\":true,\"valueName\":\"search_term_string\"}}],\"inLanguage\":\"ru-RU\"},{\"@type\":\"Organization\",\"@id\":\"https:\\\/\\\/ortokliinik.ee\\\/ru\\\/#organization\",\"name\":\"Ortokliinik\",\"url\":\"https:\\\/\\\/ortokliinik.ee\\\/ru\\\/\",\"logo\":{\"@type\":\"ImageObject\",\"inLanguage\":\"ru-RU\",\"@id\":\"https:\\\/\\\/ortokliinik.ee\\\/ru\\\/#\\\/schema\\\/logo\\\/image\\\/\",\"url\":\"https:\\\/\\\/ortokliinik.ee\\\/wp-content\\\/uploads\\\/2025\\\/02\\\/logo-default-color.svg\",\"contentUrl\":\"https:\\\/\\\/ortokliinik.ee\\\/wp-content\\\/uploads\\\/2025\\\/02\\\/logo-default-color.svg\",\"width\":320,\"height\":56,\"caption\":\"Ortokliinik\"},\"image\":{\"@id\":\"https:\\\/\\\/ortokliinik.ee\\\/ru\\\/#\\\/schema\\\/logo\\\/image\\\/\"}}]}<\/script>\n<!-- \/ Yoast SEO plugin. -->","yoast_head_json":{"title":"\u0421\u0442\u0440\u0430\u0445\u043e\u0432\u0430\u043d\u0438\u0435 \u043e\u0442\u0432\u0435\u0442\u0441\u0442\u0432\u0435\u043d\u043d\u043e\u0441\u0442\u0438 | Ortokliinik","description":"Ortopeedilise ravi aluseks on p\u00f5hjalik ettevalmistus ja hoolikas taastumine. Meie oleme patsiendile toeks kogu tervenemisprotsessi jooksul","robots":{"index":"index","follow":"follow","max-snippet":"max-snippet:-1","max-image-preview":"max-image-preview:large","max-video-preview":"max-video-preview:-1"},"canonical":"https:\/\/ortokliinik.ee\/ru\/%d1%81%d1%82%d1%80%d0%b0%d1%85%d0%be%d0%b2%d0%b0%d0%bd%d0%b8%d0%b5-%d0%be%d1%82%d0%b2%d0%b5%d1%82%d1%81%d1%82%d0%b2%d0%b5%d0%bd%d0%bd%d0%be%d1%81%d1%82%d0%b8\/","og_locale":"ru_RU","og_type":"article","og_title":"\u0421\u0442\u0440\u0430\u0445\u043e\u0432\u0430\u043d\u0438\u0435 \u043e\u0442\u0432\u0435\u0442\u0441\u0442\u0432\u0435\u043d\u043d\u043e\u0441\u0442\u0438 | Ortokliinik","og_description":"Ortopeedilise ravi aluseks on p\u00f5hjalik ettevalmistus ja hoolikas taastumine. Meie oleme patsiendile toeks kogu tervenemisprotsessi jooksul","og_url":"https:\/\/ortokliinik.ee\/ru\/%d1%81%d1%82%d1%80%d0%b0%d1%85%d0%be%d0%b2%d0%b0%d0%bd%d0%b8%d0%b5-%d0%be%d1%82%d0%b2%d0%b5%d1%82%d1%81%d1%82%d0%b2%d0%b5%d0%bd%d0%bd%d0%be%d1%81%d1%82%d0%b8\/","og_site_name":"Ortokliinik","article_modified_time":"2025-04-07T13:38:15+00:00","twitter_card":"summary_large_image","twitter_misc":{"\u041f\u0440\u0438\u043c\u0435\u0440\u043d\u043e\u0435 \u0432\u0440\u0435\u043c\u044f \u0434\u043b\u044f \u0447\u0442\u0435\u043d\u0438\u044f":"1 \u043c\u0438\u043d\u0443\u0442\u0430"},"schema":{"@context":"https:\/\/schema.org","@graph":[{"@type":"WebPage","@id":"https:\/\/ortokliinik.ee\/ru\/%d1%81%d1%82%d1%80%d0%b0%d1%85%d0%be%d0%b2%d0%b0%d0%bd%d0%b8%d0%b5-%d0%be%d1%82%d0%b2%d0%b5%d1%82%d1%81%d1%82%d0%b2%d0%b5%d0%bd%d0%bd%d0%be%d1%81%d1%82%d0%b8\/","url":"https:\/\/ortokliinik.ee\/ru\/%d1%81%d1%82%d1%80%d0%b0%d1%85%d0%be%d0%b2%d0%b0%d0%bd%d0%b8%d0%b5-%d0%be%d1%82%d0%b2%d0%b5%d1%82%d1%81%d1%82%d0%b2%d0%b5%d0%bd%d0%bd%d0%be%d1%81%d1%82%d0%b8\/","name":"\u0421\u0442\u0440\u0430\u0445\u043e\u0432\u0430\u043d\u0438\u0435 \u043e\u0442\u0432\u0435\u0442\u0441\u0442\u0432\u0435\u043d\u043d\u043e\u0441\u0442\u0438 | Ortokliinik","isPartOf":{"@id":"https:\/\/ortokliinik.ee\/ru\/#website"},"datePublished":"2025-03-23T12:56:29+00:00","dateModified":"2025-04-07T13:38:15+00:00","description":"Ortopeedilise ravi aluseks on p\u00f5hjalik ettevalmistus ja hoolikas taastumine. Meie oleme patsiendile toeks kogu tervenemisprotsessi jooksul","breadcrumb":{"@id":"https:\/\/ortokliinik.ee\/ru\/%d1%81%d1%82%d1%80%d0%b0%d1%85%d0%be%d0%b2%d0%b0%d0%bd%d0%b8%d0%b5-%d0%be%d1%82%d0%b2%d0%b5%d1%82%d1%81%d1%82%d0%b2%d0%b5%d0%bd%d0%bd%d0%be%d1%81%d1%82%d0%b8\/#breadcrumb"},"inLanguage":"ru-RU","potentialAction":[{"@type":"ReadAction","target":["https:\/\/ortokliinik.ee\/ru\/%d1%81%d1%82%d1%80%d0%b0%d1%85%d0%be%d0%b2%d0%b0%d0%bd%d0%b8%d0%b5-%d0%be%d1%82%d0%b2%d0%b5%d1%82%d1%81%d1%82%d0%b2%d0%b5%d0%bd%d0%bd%d0%be%d1%81%d1%82%d0%b8\/"]}]},{"@type":"BreadcrumbList","@id":"https:\/\/ortokliinik.ee\/ru\/%d1%81%d1%82%d1%80%d0%b0%d1%85%d0%be%d0%b2%d0%b0%d0%bd%d0%b8%d0%b5-%d0%be%d1%82%d0%b2%d0%b5%d1%82%d1%81%d1%82%d0%b2%d0%b5%d0%bd%d0%bd%d0%be%d1%81%d1%82%d0%b8\/#breadcrumb","itemListElement":[{"@type":"ListItem","position":1,"name":"Esileht","item":"https:\/\/ortokliinik.ee\/ru\/"},{"@type":"ListItem","position":2,"name":"\u0421\u0442\u0440\u0430\u0445\u043e\u0432\u0430\u043d\u0438\u0435 \u043e\u0442\u0432\u0435\u0442\u0441\u0442\u0432\u0435\u043d\u043d\u043e\u0441\u0442\u0438"}]},{"@type":"WebSite","@id":"https:\/\/ortokliinik.ee\/ru\/#website","url":"https:\/\/ortokliinik.ee\/ru\/","name":"Ortokliinik","description":"\u041e\u0440\u0442\u043e\u043f\u0435\u0434\u0438\u0447\u0435\u0441\u043a\u0430\u044f \u043a\u043b\u0438\u043d\u0438\u043a\u0430, \u0441\u043f\u0435\u0446\u0438\u0430\u043b\u0438\u0437\u0438\u0440\u0443\u044e\u0449\u0430\u044f\u0441\u044f \u043d\u0430 \u043e\u043f\u0435\u0440\u0430\u0446\u0438\u044f\u0445 \u043d\u0430 \u0441\u0442\u043e\u043f\u0435","publisher":{"@id":"https:\/\/ortokliinik.ee\/ru\/#organization"},"potentialAction":[{"@type":"SearchAction","target":{"@type":"EntryPoint","urlTemplate":"https:\/\/ortokliinik.ee\/ru\/?s={search_term_string}"},"query-input":{"@type":"PropertyValueSpecification","valueRequired":true,"valueName":"search_term_string"}}],"inLanguage":"ru-RU"},{"@type":"Organization","@id":"https:\/\/ortokliinik.ee\/ru\/#organization","name":"Ortokliinik","url":"https:\/\/ortokliinik.ee\/ru\/","logo":{"@type":"ImageObject","inLanguage":"ru-RU","@id":"https:\/\/ortokliinik.ee\/ru\/#\/schema\/logo\/image\/","url":"https:\/\/ortokliinik.ee\/wp-content\/uploads\/2025\/02\/logo-default-color.svg","contentUrl":"https:\/\/ortokliinik.ee\/wp-content\/uploads\/2025\/02\/logo-default-color.svg","width":320,"height":56,"caption":"Ortokliinik"},"image":{"@id":"https:\/\/ortokliinik.ee\/ru\/#\/schema\/logo\/image\/"}}]}},"_links":{"self":[{"href":"https:\/\/ortokliinik.ee\/ru\/wp-json\/wp\/v2\/pages\/1446","targetHints":{"allow":["GET"]}}],"collection":[{"href":"https:\/\/ortokliinik.ee\/ru\/wp-json\/wp\/v2\/pages"}],"about":[{"href":"https:\/\/ortokliinik.ee\/ru\/wp-json\/wp\/v2\/types\/page"}],"author":[{"embeddable":true,"href":"https:\/\/ortokliinik.ee\/ru\/wp-json\/wp\/v2\/users\/1"}],"replies":[{"embeddable":true,"href":"https:\/\/ortokliinik.ee\/ru\/wp-json\/wp\/v2\/comments?post=1446"}],"version-history":[{"count":3,"href":"https:\/\/ortokliinik.ee\/ru\/wp-json\/wp\/v2\/pages\/1446\/revisions"}],"predecessor-version":[{"id":1539,"href":"https:\/\/ortokliinik.ee\/ru\/wp-json\/wp\/v2\/pages\/1446\/revisions\/1539"}],"wp:attachment":[{"href":"https:\/\/ortokliinik.ee\/ru\/wp-json\/wp\/v2\/media?parent=1446"}],"curies":[{"name":"wp","href":"https:\/\/api.w.org\/{rel}","templated":true}]}}